{"id":1593,"date":"2018-12-17T16:19:43","date_gmt":"2018-12-17T15:19:43","guid":{"rendered":"https:\/\/manual.fisiomap.app\/soporte\/"},"modified":"2023-03-06T17:04:07","modified_gmt":"2023-03-06T16:04:07","slug":"suport","status":"publish","type":"page","link":"https:\/\/manual.fisiomap.app\/ca\/","title":{"rendered":"Suport"},"content":{"rendered":"\n<style type=\"text\/css\" data-created_by=\"avia_inline_auto\" id=\"style-css-av-mmvh5-2c2ea012425c33a41690a8f1eed85efc\">\n.avia-section.av-mmvh5-2c2ea012425c33a41690a8f1eed85efc{\nbackground-color:#e4f5f3;\nbackground-image:unset;\n}\n<\/style>\n<div id='av_section_1'  class='avia-section av-mmvh5-2c2ea012425c33a41690a8f1eed85efc main_color avia-section-default avia-no-border-styling  avia-builder-el-0  avia-builder-el-no-sibling  avia-bg-style-scroll container_wrap sidebar_right'  ><div class='container av-section-cont-open' ><main  role=\"main\" itemprop=\"mainContentOfPage\"  class='template-page content  av-content-small alpha units'><div class='post-entry post-entry-type-page post-entry-1593'><div class='entry-content-wrapper clearfix'>\n\n<style type=\"text\/css\" data-created_by=\"avia_inline_auto\" id=\"style-css-av-d9m9t-87a2f3a6c01d21f6930e45a20e5e2b0c\">\n#top .av-special-heading.av-d9m9t-87a2f3a6c01d21f6930e45a20e5e2b0c{\npadding-bottom:20px;\n}\nbody .av-special-heading.av-d9m9t-87a2f3a6c01d21f6930e45a20e5e2b0c .av-special-heading-tag .heading-char{\nfont-size:25px;\n}\n.av-special-heading.av-d9m9t-87a2f3a6c01d21f6930e45a20e5e2b0c .av-subheading{\nfont-size:15px;\n}\n<\/style>\n<div  class='av-special-heading av-d9m9t-87a2f3a6c01d21f6930e45a20e5e2b0c av-special-heading-h1 blockquote modern-quote  avia-builder-el-1  el_before_av_hr  avia-builder-el-first  av-linked-heading'><h1 class='av-special-heading-tag '  itemprop=\"headline\"  >Suport<\/h1><div class='av-subheading av-subheading_below'><p>Gesti\u00f3 dels teus tiquets de suport. <strong>HAS DE REGISTRAR-TE EN AQUESTA PLATAFORMA PER PODER ENVIAR TICKETS DE SUPORT. Nom\u00e9s rebrem els tiquets enviats a trav\u00e9s del tauler de control del teu compte dins aquesta web de suport. <strong>No funcionaran les vostres dades d&#8217;acc\u00e9s a la Plataforma Fisiomap CFC<\/strong><\/p>\n<\/div><div class=\"special-heading-border\"><div class=\"special-heading-inner-border\"><\/div><\/div><\/div><\/strong><\/p>\n\n<style type=\"text\/css\" data-created_by=\"avia_inline_auto\" id=\"style-css-av-l9bqm6lu-cf3ec564987c1ba8c4e577ab6cb2f358\">\n#top .hr.hr-invisible.av-l9bqm6lu-cf3ec564987c1ba8c4e577ab6cb2f358{\nheight:30px;\n}\n<\/style>\n<div  class='hr av-l9bqm6lu-cf3ec564987c1ba8c4e577ab6cb2f358 hr-invisible  avia-builder-el-2  el_after_av_heading  el_before_av_one_full '><span class='hr-inner '><span class=\"hr-inner-style\"><\/span><\/span><\/div>\n\n<style type=\"text\/css\" data-created_by=\"avia_inline_auto\" id=\"style-css-av-ep2w9-a7ab13db8c4c2f9b1e05303804814485\">\n.flex_column.av-ep2w9-a7ab13db8c4c2f9b1e05303804814485{\nborder-radius:0px 0px 0px 0px;\npadding:0px 0px 0px 0px;\nbackground-color:#e4f5f3;\n}\n<\/style>\n<div  class='flex_column av-ep2w9-a7ab13db8c4c2f9b1e05303804814485 av_one_full  avia-builder-el-3  el_after_av_hr  avia-builder-el-last  first flex_column_div av-zero-column-padding  '     ><section  class='av_textblock_section av-jpshjbfd-2aafe08438f8b0bd22923ffbaa16a100 '   itemscope=\"itemscope\" itemtype=\"https:\/\/schema.org\/CreativeWork\" ><div class='avia_textblock'  itemprop=\"text\" ><div class=\"wpas\">\n<div class=\"wpas wpas-login-register\">\n\t\n\t<form class=\"wpas-form\" id=\"wpas_form_login\" method=\"post\" role=\"form\" action=\"https:\/\/manual.fisiomap.app\/ca\/\">\n\t\t<h3>Iniciar sessi\u00f3<\/h3>\n\n\t\t<div class=\"wpas-form-group\" id=\"wpas_log_wrapper\"><label for='wpas_log'>Correu electr\u00f2nic o nom d&#039;usuari<\/label><input type=\"text\" value=\"\" id='wpas_log' class='wpas-form-control' name='wpas_log'><\/div><input type=\"hidden\" name=\"ticket_id\" value=\"1593\" \/><div class=\"wpas-form-group\" id=\"wpas_pwd_wrapper\"><label for='wpas_pwd'>Contrasenya<\/label><input type=\"password\" value=\"\" autocomplete=\"off\" id='wpas_pwd' class='wpas-form-control' name='wpas_pwd' placeholder='Contrasenya' required spellcheck='false'><\/div><input type=\"hidden\" name=\"ticket_id\" value=\"1593\" \/><div class=\"wpas-form-group\" id=\"wpas_rememberme_wrapper\"><div class='wpas-checkbox'><label><input type='checkbox' name='wpas_rememberme[]' value='1'> Recorda\u2019m<\/label><\/div><\/div><input type=\"hidden\" name=\"ticket_id\" value=\"1593\" \/><input type=\"hidden\" name=\"wpas-do\" value=\"login\"><input type=\"hidden\" id=\"wpas-do-nonce-login\" name=\"wpas-do-nonce\" value=\"00c4271c08\" \/><input type=\"hidden\" name=\"_wp_http_referer\" value=\"\/ca\/wp-json\/wp\/v2\/pages\/1593\" \/><input type=\"hidden\" name=\"redirect_to\" value=\"https:\/\/manual.fisiomap.app\/ca\/\"><button type=\"submit\" class=\"wpas-btn wpas-btn-default\" name=\"submit\" value=\"\" data-onsubmit=&#039;Inici de sessi\u00f3 en ...&#039;>Iniciar sessi\u00f3<\/button><a href=\"https:\/\/manual.fisiomap.app\/ca\/login\/?action=lostpassword&#038;redirect_to=https%3A%2F%2Fmanual.fisiomap.app%2Fmis-tiques%2F\" class=\"wpas-forgot-password-link\">Has oblidat la contrasenya?<\/a>\t<\/form>\n\n\t\n\t\t<form class=\"wpas-form\" id=\"wpas_form_registration\" method=\"post\" action=\"https:\/\/manual.fisiomap.app\/ca\/\">\n\t\t\t<h3>Registra\u2019t<\/h3>\n\n\t\t\t<div class=\"wpas-form-group\" id=\"wpas_first_name_wrapper\"><label for='wpas_first_name'>Nom<\/label><input type=\"text\" value=\"\" id='wpas_first_name' class='wpas-form-control' name='wpas_first_name' placeholder='Nom' required><\/div><input type=\"hidden\" name=\"ticket_id\" value=\"1593\" \/><div class=\"wpas-form-group\" id=\"wpas_last_name_wrapper\"><label for='wpas_last_name'>Cognoms<\/label><input type=\"text\" value=\"\" id='wpas_last_name' class='wpas-form-control' name='wpas_last_name' placeholder='Cognoms' required><\/div><input type=\"hidden\" name=\"ticket_id\" value=\"1593\" \/><div class=\"wpas-form-group\" id=\"wpas_email_wrapper\"><label for='wpas_email'>Correu<\/label><input type=\"email\" value=\"\" id='wpas_email' class='wpas-form-control' name='wpas_email' placeholder='Correu' required spellcheck='false'><\/div><input type=\"hidden\" name=\"ticket_id\" value=\"1593\" \/><div class=\"wpas-form-group\" id=\"wpas_password_wrapper\"><label for='wpas_password'>Introduir una clau<\/label><input type=\"password\" value=\"\" autocomplete=\"off\" id='wpas_password' class='wpas-form-control' name='wpas_password' placeholder='Contrasenya' required spellcheck='false'><\/div><input type=\"hidden\" name=\"ticket_id\" value=\"1593\" \/><div class=\"wpas-form-group\" id=\"wpas_pwdshow_wrapper\"><div class='wpas-checkbox'><label><input type='checkbox' name='wpas_pwdshow[]' value='1'> Veure contrasenya<\/label><\/div><\/div><input type=\"hidden\" name=\"ticket_id\" value=\"1593\" \/><div class=\"wpas-form-group\" id=\"wpas_gdpr01_wrapper\"><div class='wpas-checkbox'><label><input type='checkbox' name='wpas_gdpr01[]' value='1'> Pol\u00edtica de Privacidad<\/label><\/div><p class=\"wpas-help-block\">He le\u00eddo y acepto la <a href=\"https:\/\/fisiomap.app\/politica-de-privacidad\/\" target=\"_blank\" rel=\"noopener\">Pol\u00edtica de Privacidad<\/a> y los <a href=\"http:\/\/pumpun.com\/aviso-legal\/\">T\u00e9rminos y condiciones<\/a> de uso de esta web.<\/p><\/div><input type=\"hidden\" name=\"ticket_id\" value=\"1593\" \/><input type=\"hidden\" name=\"wpas-do\" value=\"register\"><input type=\"hidden\" id=\"wpas-do-nonce-register\" name=\"wpas-do-nonce\" value=\"cc4b8082b8\" \/><input type=\"hidden\" name=\"_wp_http_referer\" value=\"\/ca\/wp-json\/wp\/v2\/pages\/1593\" \/><input type=\"hidden\" name=\"redirect_to\" value=\"https:\/\/manual.fisiomap.app\/ca\/\"><input type=\"hidden\" id=\"user_registration\" name=\"user_registration\" value=\"1a9b7a6c9d\" \/><button type=\"submit\" class=\"wpas-btn wpas-btn-default\" name=\"submit\" value=\"\" data-onsubmit=&#039;Creant un Compte\u2026&#039;>Crear Compte<\/button>\t\t<\/form>\n\t<\/div>\n\n\t<\/div>\n\n\t\n<\/div><\/section><\/div><\/div><\/div><\/main><!-- close content main element --><\/div><\/div><div id='after_section_1'  class='main_color av_default_container_wrap container_wrap sidebar_right'  ><div class='container av-section-cont-open' ><div class='template-page content  av-content-small alpha units'><div class='post-entry post-entry-type-page post-entry-1593'><div class='entry-content-wrapper clearfix'>\n","protected":false},"excerpt":{"rendered":"","protected":false},"author":1,"featured_media":0,"parent":0,"menu_order":0,"comment_status":"closed","ping_status":"closed","template":"","meta":{"footnotes":""},"class_list":["post-1593","page","type-page","status-publish","hentry"],"_links":{"self":[{"href":"https:\/\/manual.fisiomap.app\/ca\/wp-json\/wp\/v2\/pages\/1593","targetHints":{"allow":["GET"]}}],"collection":[{"href":"https:\/\/manual.fisiomap.app\/ca\/wp-json\/wp\/v2\/pages"}],"about":[{"href":"https:\/\/manual.fisiomap.app\/ca\/wp-json\/wp\/v2\/types\/page"}],"author":[{"embeddable":true,"href":"https:\/\/manual.fisiomap.app\/ca\/wp-json\/wp\/v2\/users\/1"}],"replies":[{"embeddable":true,"href":"https:\/\/manual.fisiomap.app\/ca\/wp-json\/wp\/v2\/comments?post=1593"}],"version-history":[{"count":0,"href":"https:\/\/manual.fisiomap.app\/ca\/wp-json\/wp\/v2\/pages\/1593\/revisions"}],"wp:attachment":[{"href":"https:\/\/manual.fisiomap.app\/ca\/wp-json\/wp\/v2\/media?parent=1593"}],"curies":[{"name":"wp","href":"https:\/\/api.w.org\/{rel}","templated":true}]}}