{"id":1555,"date":"2021-12-08T16:27:37","date_gmt":"2021-12-08T15:27:37","guid":{"rendered":"https:\/\/manual.fisiomap.app\/aviso-legal\/"},"modified":"2021-12-08T16:27:37","modified_gmt":"2021-12-08T15:27:37","slug":"aviso-legal","status":"publish","type":"page","link":"https:\/\/manual.fisiomap.app\/ca\/aviso-legal\/","title":{"rendered":"Aviso Legal"},"content":{"rendered":"<div id='av_section_1'  class='avia-section av-78e2d-a5d4b8a28683c23f19453d76e4c6f25f main_color avia-section-small avia-no-border-styling  avia-builder-el-0  avia-builder-el-no-sibling  avia-bg-style-scroll container_wrap sidebar_right'  ><div class='container av-section-cont-open' ><main  role=\"main\" itemprop=\"mainContentOfPage\"  class='template-page content  av-content-small alpha units'><div class='post-entry post-entry-type-page post-entry-1555'><div class='entry-content-wrapper clearfix'>\n\n<style type=\"text\/css\" data-created_by=\"avia_inline_auto\" id=\"style-css-av-jqiaz01n-eb83282da8aeff444ecbe8e302643b0f\">\n#top .av-special-heading.av-jqiaz01n-eb83282da8aeff444ecbe8e302643b0f{\npadding-bottom:10px;\nfont-size:35px;\n}\nbody .av-special-heading.av-jqiaz01n-eb83282da8aeff444ecbe8e302643b0f .av-special-heading-tag .heading-char{\nfont-size:25px;\n}\n#top #wrap_all .av-special-heading.av-jqiaz01n-eb83282da8aeff444ecbe8e302643b0f .av-special-heading-tag{\nfont-size:35px;\n}\n.av-special-heading.av-jqiaz01n-eb83282da8aeff444ecbe8e302643b0f .av-subheading{\nfont-size:15px;\n}\n\n@media only screen and (min-width: 480px) and (max-width: 767px){ \n#top #wrap_all .av-special-heading.av-jqiaz01n-eb83282da8aeff444ecbe8e302643b0f .av-special-heading-tag{\nfont-size:0.8em;\n}\n}\n\n@media only screen and (max-width: 479px){ \n#top #wrap_all .av-special-heading.av-jqiaz01n-eb83282da8aeff444ecbe8e302643b0f .av-special-heading-tag{\nfont-size:0.8em;\n}\n}\n<\/style>\n<div  class='av-special-heading av-jqiaz01n-eb83282da8aeff444ecbe8e302643b0f av-special-heading-h3 blockquote modern-quote  avia-builder-el-1  el_before_av_textblock  avia-builder-el-first  av-inherit-size av-linked-heading'><h3 class='av-special-heading-tag '  itemprop=\"headline\"  >Aviso Legal<\/h3><div class=\"special-heading-border\"><div class=\"special-heading-inner-border\"><\/div><\/div><\/div>\n<section  class='av_textblock_section av-jqiaxj7k-c4de65feac24147f4411ef6eec44f38c '   itemscope=\"itemscope\" itemtype=\"https:\/\/schema.org\/CreativeWork\" ><div class='avia_textblock'  itemprop=\"text\" ><p>Pump\u00fan Dixital S.L. en representaci\u00f3n y responsable de la Plataforma de Reservas y Gesti\u00f3n de Citas FISIOMAP CFC, provisto con NIF\/CIF B27757723\u00a0 \u00a0, direcci\u00f3n Vel\u00e1zquez Moreno 29, 3\u00ba Izqda. 36202 Vigo, no puede asumir ninguna responsabilidad derivada del uso incorrecto, inapropiado o il\u00edcito de la informaci\u00f3n aparecida en esta aplicaci\u00f3n web.<\/p>\n<p>Con los l\u00edmites establecidos en la ley, Pump\u00fan Dixital S.L. no asume ninguna responsabilidad derivada de la falta de veracidad, integridad, actualizaci\u00f3n y precisi\u00f3n de los datos o informaciones que se contienen en sus p\u00e1ginas de Internet.<\/p>\n<p>Los contenidos e informaci\u00f3n no vinculan a Pump\u00fan Dixital S.L. ni constituyen opiniones, consejos o asesoramiento legal de ning\u00fan tipo pues se trata meramente de un servicio ofrecido con car\u00e1cter informativo y divulgativo.<\/p>\n<p>Este Sitio Web puede contener enlaces (links) a otras p\u00e1ginas de terceras partes que no puede controlar. Por lo tanto, Pump\u00fan Dixital S.L. no puede asumir responsabilidades por el contenido que pueda aparecer en p\u00e1ginas de terceros.<\/p>\n<p>Los textos, im\u00e1genes, sonidos, animaciones, software y el resto de contenidos incluidos en este website son propiedad exclusiva de Pump\u00fan Dixital S.L. o sus licenciantes. Cualquier acto de transmisi\u00f3n, distribuci\u00f3n, cesi\u00f3n, reproducci\u00f3n, almacenamiento o comunicaci\u00f3n p\u00fablica total o parcial, debe contar con el consentimiento expreso de Pump\u00fan Dixital S.L.<\/p>\n<p>Asimismo, para acceder a algunos de los servicios que Pump\u00fan Dixital S.L. ofrece a trav\u00e9s de este Sitio Web website deber\u00e1 proporcionar algunos datos de car\u00e1cter personal. En cumplimiento de lo establecido en el Reglamento (UE) 2016\/679 del Parlamento Europeo y del Consejo, de 27 de abril de 2016, relativo a la protecci\u00f3n de las personas f\u00edsicas en lo que respecta al tratamiento de datos personales y a la libre circulaci\u00f3n de estos datos le informamos que, mediante la cumplimentaci\u00f3n de los presentes formularios, sus datos personales quedar\u00e1n incorporados y ser\u00e1n tratados en los ficheros de Pump\u00fan Dixital S.L.\u00a0con el fin de poderle prestar y ofrecer nuestros servicios as\u00ed como para informarle de las mejoras del sitio Web. Asimismo, le informamos de la posibilidad de que ejerza los derechos de acceso, rectificaci\u00f3n, cancelaci\u00f3n y oposici\u00f3n de sus datos de car\u00e1cter personal, manera gratuita mediante email a soporte@fisiomap.com o en la direcci\u00f3n Vel\u00e1zquez Moreno 29, 3\u00ba Izqda. 36202 Vigo.<\/p>\n<\/div><\/section>\n<\/div><\/div><\/main><!-- close content main element --><\/div><\/div><div id='after_section_1'  class='main_color av_default_container_wrap container_wrap sidebar_right'  ><div class='container av-section-cont-open' ><div class='template-page content  av-content-small alpha units'><div class='post-entry post-entry-type-page post-entry-1555'><div class='entry-content-wrapper clearfix'>\n","protected":false},"excerpt":{"rendered":"","protected":false},"author":1,"featured_media":0,"parent":0,"menu_order":0,"comment_status":"closed","ping_status":"closed","template":"","meta":{"footnotes":""},"class_list":["post-1555","page","type-page","status-publish","hentry"],"_links":{"self":[{"href":"https:\/\/manual.fisiomap.app\/ca\/wp-json\/wp\/v2\/pages\/1555","targetHints":{"allow":["GET"]}}],"collection":[{"href":"https:\/\/manual.fisiomap.app\/ca\/wp-json\/wp\/v2\/pages"}],"about":[{"href":"https:\/\/manual.fisiomap.app\/ca\/wp-json\/wp\/v2\/types\/page"}],"author":[{"embeddable":true,"href":"https:\/\/manual.fisiomap.app\/ca\/wp-json\/wp\/v2\/users\/1"}],"replies":[{"embeddable":true,"href":"https:\/\/manual.fisiomap.app\/ca\/wp-json\/wp\/v2\/comments?post=1555"}],"version-history":[{"count":0,"href":"https:\/\/manual.fisiomap.app\/ca\/wp-json\/wp\/v2\/pages\/1555\/revisions"}],"wp:attachment":[{"href":"https:\/\/manual.fisiomap.app\/ca\/wp-json\/wp\/v2\/media?parent=1555"}],"curies":[{"name":"wp","href":"https:\/\/api.w.org\/{rel}","templated":true}]}}